    {"id":59,"date":"2025-11-14T17:24:31","date_gmt":"2025-11-14T17:24:31","guid":{"rendered":"https:\/\/quivrax.com\/?page_id=59"},"modified":"2025-11-14T19:27:10","modified_gmt":"2025-11-14T19:27:10","slug":"terms","status":"publish","type":"page","link":"https:\/\/quivrax.com\/pl\/terms\/","title":{"rendered":"Warunki korzystania z serwisu"},"content":{"rendered":"<p><em>Ostatnia aktualizacja: 14 listopada 2025 r.<\/em><\/p>\n\n\n\n<h2 class=\"wp-block-heading\"><strong>Wprowadzenie i akceptacja warunk\u00f3w<\/strong><\/h2>\n\n\n\n<p>Quivrax.com (\u201eWitryna\u201d) to globalny blog informacyjny, kt\u00f3rego celem jest zdobycie wiedzy og\u00f3lnej i cele edukacyjne. Nie oferuje on ani nie sprzedaje \u017cadnych produkt\u00f3w ani us\u0142ug. Niniejszy Regulamin (\u201eRegulamin\u201d) reguluje dost\u0119p do Witryny i korzystanie z niej. Uzyskuj\u0105c dost\u0119p do Quivrax.com lub korzystaj\u0105c z niego, potwierdzasz, \u017ce przeczyta\u0142e\u015b, zrozumia\u0142e\u015b i zgadzasz si\u0119 na przestrzeganie niniejszego Regulaminu. Je\u015bli nie zgadzasz si\u0119 z jakimkolwiek zapisem niniejszego Regulaminu, powiniene\u015b powstrzyma\u0107 si\u0119 od korzystania z Witryny.<\/p>\n\n\n\n<h2 class=\"wp-block-heading\"><strong>Uprawnienia i dost\u0119p<\/strong><\/h2>\n\n\n\n<p>Musisz upewni\u0107 si\u0119, \u017ce posiadasz uprawnienia prawne do korzystania z Witryny. Korzystaj\u0105c z Quivrax.com, o\u015bwiadczasz, \u017ce masz co najmniej wiek pe\u0142noletno\u015bci obowi\u0105zuj\u0105cy w Twojej jurysdykcji (lub korzystasz z Witryny pod nadzorem rodzica lub opiekuna prawnego, je\u015bli jeste\u015b osob\u0105 niepe\u0142noletni\u0105) oraz \u017ce posiadasz zdolno\u015b\u0107 prawn\u0105 do akceptacji niniejszego Regulaminu. Witryna jest przeznaczona dla u\u017cytkownik\u00f3w, kt\u00f3rzy mog\u0105 zawiera\u0107 prawnie wi\u0105\u017c\u0105ce umowy; <strong>nie jest przeznaczone dla dzieci poni\u017cej 13 roku \u017cycia<\/strong>U\u017cytkownik ponosi odpowiedzialno\u015b\u0107 za przestrzeganie wszystkich lokalnych przepis\u00f3w i regulacji maj\u0105cych zastosowanie do dost\u0119pu do Serwisu. Je\u015bli korzystanie z Serwisu lub jakiejkolwiek jego zawarto\u015bci jest sprzeczne z prawem obowi\u0105zuj\u0105cym w miejscu jego zamieszkania, nie powinien korzysta\u0107 z Serwisu.<\/p>\n\n\n\n<h2 class=\"wp-block-heading\"><strong>Prawa w\u0142asno\u015bci intelektualnej<\/strong><\/h2>\n\n\n\n<p>Wszelkie tre\u015bci zamieszczone w serwisie Quivrax.com, w tym mi\u0119dzy innymi teksty, artyku\u0142y, grafiki, loga, obrazy i ich kompilacje, stanowi\u0105 w\u0142asno\u015b\u0107 w\u0142a\u015bciciela serwisu lub jego dostawc\u00f3w tre\u015bci i s\u0105 chronione mi\u0119dzynarodowymi prawami autorskimi, znakami towarowymi i innymi prawami w\u0142asno\u015bci intelektualnej. <strong>Quivrax<\/strong> (oraz logo Quivrax, je\u015bli dotyczy) i powi\u0105zane znaki s\u0105 znakami towarowymi lub us\u0142ugowymi nale\u017c\u0105cymi do w\u0142a\u015bciciela Witryny. Udzielana jest Ci ograniczona, niewy\u0142\u0105czna i niezbywalna licencja na dost\u0119p do tre\u015bci i ich czytanie wy\u0142\u0105cznie do osobistego, niekomercyjnego u\u017cytku. <strong>Nie wolno Ci reprodukowa\u0107, rozpowszechnia\u0107, modyfikowa\u0107, tworzy\u0107 dzie\u0142 pochodnych, publicznie wy\u015bwietla\u0107 ani wykorzystywa\u0107 komercyjnie \u017cadnych tre\u015bci z Witryny.<\/strong> bez uprzedniej pisemnej zgody w\u0142a\u015bciciela witryny. Jakiekolwiek nieautoryzowane wykorzystanie tre\u015bci mo\u017ce narusza\u0107 prawa autorskie, prawa dotycz\u0105ce znak\u00f3w towarowych i inne obowi\u0105zuj\u0105ce przepisy.<\/p>\n\n\n\n<h2 class=\"wp-block-heading\"><strong>Polityka akceptowalnego u\u017cytkowania<\/strong><\/h2>\n\n\n\n<p>Korzystaj\u0105c z serwisu Quivrax.com, zgadzasz si\u0119 robi\u0107 to w spos\u00f3b zgodny z prawem, etyczny i pe\u0142en szacunku. <strong>Nie wolno ci:<\/strong><\/p>\n\n\n\n<ul>\n<li>Nie wolno u\u017cywa\u0107 Witryny w spos\u00f3b naruszaj\u0105cy obowi\u0105zuj\u0105ce prawo lub przepisy, lub w jakimkolwiek celu niezgodnym z prawem.<\/li>\n\n\n\n<li>Podejmowa\u0107 pr\u00f3by uzyskania nieautoryzowanego dost\u0119pu do jakiejkolwiek cz\u0119\u015bci lub funkcji Witryny, do danych innych u\u017cytkownik\u00f3w (je\u015bli takie istniej\u0105) lub do jakichkolwiek system\u00f3w lub sieci po\u0142\u0105czonych z Witryn\u0105, poprzez hakowanie, wydobywanie hase\u0142 lub w jakikolwiek inny nielegalny spos\u00f3b.<\/li>\n\n\n\n<li>Podejmowa\u0107 jakichkolwiek dzia\u0142a\u0144, kt\u00f3re zak\u0142\u00f3caj\u0105 lub uniemo\u017cliwiaj\u0105 prawid\u0142owe funkcjonowanie Witryny lub serwer\u00f3w i sieci, na kt\u00f3rych jest ona hostowana. Obejmuje to wprowadzanie szkodliwego kodu lub wirus\u00f3w, przeprowadzanie atak\u00f3w typu \u201eodmowa us\u0142ugi\u201d lub innych pr\u00f3b zak\u0142\u00f3cenia dzia\u0142ania lub bezpiecze\u0144stwa Witryny.<\/li>\n\n\n\n<li>Nie wolno wykorzystywa\u0107 Witryny do n\u0119kania, gro\u017cenia, poni\u017cania lub oszukiwania jakiejkolwiek osoby lub podmiotu ani przesy\u0142a\u0107 tre\u015bci, kt\u00f3re s\u0105 niezgodne z prawem, znies\u0142awiaj\u0105ce, obsceniczne, obra\u017aliwe lub w inny spos\u00f3b budz\u0105ce sprzeciw.<\/li>\n\n\n\n<li>Wykorzystywa\u0107 Witryny lub uzyskiwa\u0107 do niej dost\u0119p w spos\u00f3b przez nas nieprzewidziany, na przyk\u0142ad u\u017cywaj\u0105c narz\u0119dzi automatycznych (bot\u00f3w, scraper\u00f3w lub crawler\u00f3w) do zbierania danych lub tre\u015bci z Witryny bez naszej wyra\u017anej pisemnej zgody.<\/li>\n\n\n\n<li>Nie wolno u\u017cywa\u0107 Witryny do reklamowania lub promowania jakichkolwiek produkt\u00f3w lub us\u0142ug bez naszej uprzedniej zgody ani do wysy\u0142ania niezam\u00f3wionych wiadomo\u015bci (spamu), list\u00f3w \u0142a\u0144cuszkowych, wiadomo\u015bci phishingowych lub jakichkolwiek podobnych nieautoryzowanych wiadomo\u015bci.<\/li>\n<\/ul>\n\n\n\n<p>Naruszenie niniejszej Polityki dozwolonego u\u017cytku mo\u017ce skutkowa\u0107 zawieszeniem lub zablokowaniem dost\u0119pu do Serwisu (patrz <strong>Zako\u0144czenie u\u017cytkowania<\/strong> poni\u017cej) i mo\u017ce r\u00f3wnie\u017c skutkowa\u0107 odpowiedzialno\u015bci\u0105 cywiln\u0105 lub karn\u0105 na mocy obowi\u0105zuj\u0105cych przepis\u00f3w prawa.<\/p>\n\n\n\n<h2 class=\"wp-block-heading\"><strong>Tre\u015bci generowane przez u\u017cytkownik\u00f3w<\/strong><\/h2>\n\n\n\n<p>Quivrax.com robi <strong>nie<\/strong> Obecnie nie mo\u017cna w\u0142\u0105czy\u0107 funkcji tre\u015bci generowanych przez u\u017cytkownik\u00f3w, takich jak komentowanie, posty na forum czy przesy\u0142anie tre\u015bci. W zwi\u0105zku z tym niniejszy punkt nie ma obecnie zastosowania. Ca\u0142a tre\u015b\u0107 witryny jest dostarczana przez w\u0142a\u015bciciela witryny lub jego upowa\u017cnionych wsp\u00f3\u0142pracownik\u00f3w. Je\u015bli w przysz\u0142o\u015bci Quivrax.com b\u0119dzie oferowa\u0142 funkcje interaktywne lub umo\u017cliwia\u0142 przesy\u0142anie tre\u015bci przez u\u017cytkownik\u00f3w, u\u017cytkownicy b\u0119d\u0105 musieli przestrzega\u0107 dodatkowych wytycznych, a niniejsze Warunki zostan\u0105 odpowiednio zaktualizowane. W mi\u0119dzyczasie, <em>prosz\u0119 nie pr\u00f3bowa\u0107 publikowa\u0107 ani przesy\u0142a\u0107 \u017cadnych tre\u015bci<\/em> do Witryny, poniewa\u017c nie ma tam publicznych for\u00f3w ani obszar\u00f3w do komentowania.<\/p>\n\n\n\n<h2 class=\"wp-block-heading\"><strong>Zastrze\u017cenia i ograniczenie odpowiedzialno\u015bci<\/strong><\/h2>\n\n\n\n<p><strong>Tylko w celach informacyjnych:<\/strong> Tre\u015b\u0107 na Quivrax.com jest dostarczana <strong>wy\u0142\u0105cznie w celach og\u00f3lnoinformacyjnych i edukacyjnych<\/strong>Cho\u0107 dok\u0142adamy wszelkich stara\u0144, aby informacje by\u0142y dok\u0142adne i aktualne, nie udzielamy \u017cadnych gwarancji ani zapewnie\u0144 dotycz\u0105cych poprawno\u015bci, kompletno\u015bci lub wiarygodno\u015bci jakichkolwiek tre\u015bci w Serwisie. <strong>Brak profesjonalnej porady:<\/strong> \u017badna tre\u015b\u0107 zamieszczona na Stronie nie stanowi ani nie ma na celu udzielenia profesjonalnej porady (w tym mi\u0119dzy innymi porady prawnej, finansowej, medycznej ani innej profesjonalnej porady). Nie nale\u017cy polega\u0107 na tre\u015bciach jako substytucie uzyskania porady od wykwalifikowanych specjalist\u00f3w, odpowiednich do Pa\u0144stwa sytuacji. Korzystanie z jakichkolwiek informacji uzyskanych z tej Strony odbywa si\u0119 wy\u0142\u0105cznie na Pa\u0144stwa w\u0142asne ryzyko.<\/p>\n\n\n\n<p><strong>Zastrze\u017cenie \u201eBrak gwarancji\u201d:<\/strong> Strona Quivrax.com jest udost\u0119pniana \u201ew stanie, w jakim si\u0119 znajduje\u201d i \u201ew miar\u0119 dost\u0119pno\u015bci\u201d. <strong>bez \u017cadnych gwarancji jakiegokolwiek rodzaju<\/strong>, zar\u00f3wno wyra\u017ane, jak i dorozumiane. W najszerszym zakresie dozwolonym przez prawo, wyra\u017anie zrzekamy si\u0119 wszelkich gwarancji \u2013 wyra\u017anych, dorozumianych i ustawowych \u2013 w tym mi\u0119dzy innymi dorozumianych gwarancji dok\u0142adno\u015bci, kompletno\u015bci, przydatno\u015bci do okre\u015blonego celu, przydatno\u015bci handlowej i nienaruszalno\u015bci praw os\u00f3b trzecich. Nie gwarantujemy, \u017ce Witryna b\u0119dzie dost\u0119pna w okre\u015blonym czasie i miejscu, \u017ce b\u0119dzie dzia\u0142a\u0107 nieprzerwanie lub bezb\u0142\u0119dnie, ani \u017ce Witryna (lub jakiekolwiek pobrane z niej tre\u015bci) b\u0119dzie wolna od wirus\u00f3w lub innych szkodliwych komponent\u00f3w. Quivrax.com nie ponosi odpowiedzialno\u015bci za jakiekolwiek b\u0142\u0119dy lub pomini\u0119cia w tre\u015bciach, ani za jakiekolwiek szkody lub straty, kt\u00f3re mog\u0105 wynikn\u0105\u0107 z korzystania z Witryny lub tre\u015bci.<\/p>\n\n\n\n<p><strong>Ograniczenie odpowiedzialno\u015bci:<\/strong> W maksymalnym zakresie dozwolonym przez obowi\u0105zuj\u0105ce prawo Quivrax.com oraz jego w\u0142a\u015bciciele, autorzy, wsp\u00f3\u0142pracownicy, podmioty stowarzyszone i agenci b\u0119d\u0105: <strong>nie ponosi\u0107 odpowiedzialno\u015bci<\/strong> za wszelkie bezpo\u015brednie, po\u015brednie, przypadkowe, wt\u00f3rne, szczeg\u00f3lne lub represyjne szkody wynikaj\u0105ce z lub zwi\u0105zane z korzystaniem (lub niemo\u017cno\u015bci\u0105 korzystania) z Witryny lub poleganiem na informacjach zawartych w Witrynie. Niniejsze ograniczenie odpowiedzialno\u015bci ma zastosowanie do wszelkiego rodzaju szk\u00f3d lub strat, w tym (bez ogranicze\u0144) utraty zysk\u00f3w, utraty mo\u017cliwo\u015bci, utraty danych, utraty warto\u015bci firmy lub wszelkich innych strat niematerialnych. Obejmuje ono r\u00f3wnie\u017c wszelkie obra\u017cenia cia\u0142a lub szkody maj\u0105tkowe wynikaj\u0105ce z dost\u0119pu do Witryny lub korzystania z niej, a tak\u017ce wszelkie roszczenia os\u00f3b trzecich, kt\u00f3re mog\u0105 wynikn\u0105\u0107 w zwi\u0105zku z korzystaniem z Witryny. Quivrax.com i jego w\u0142a\u015bciciele nie ponosz\u0105 odpowiedzialno\u015bci za jakiekolwiek b\u0142\u0119dy lub pomini\u0119cia w tre\u015bci Witryny ani za jakiekolwiek skutki lub konsekwencje wynikaj\u0105ce z korzystania z informacji zawartych w Witrynie. <strong>Jedynym i wy\u0142\u0105cznym \u015brodkiem zaradczym w przypadku niezadowolenia ze Strony lub jakiejkolwiek jej zawarto\u015bci jest zaprzestanie korzystania ze Strony.<\/strong> Poniewa\u017c niekt\u00f3re jurysdykcje nie zezwalaj\u0105 na wy\u0142\u0105czenie lub ograniczenie niekt\u00f3rych rodzaj\u00f3w odpowiedzialno\u015bci, niekt\u00f3re z powy\u017cszych ogranicze\u0144 mog\u0105 Ci\u0119 nie dotyczy\u0107. W takich jurysdykcjach nasza odpowiedzialno\u015b\u0107 jest ograniczona w maksymalnym zakresie dozwolonym przez prawo.<\/p>\n\n\n\n<h2 class=\"wp-block-heading\"><strong>Odszkodowanie<\/strong><\/h2>\n\n\n\n<p>Wyra\u017casz zgod\u0119 na <strong>broni\u0107, zabezpiecza\u0107 i chroni\u0107 przed szkod\u0105<\/strong> W\u0142a\u015bciciel(e) i operator(zy) Quivrax.com, a tak\u017ce podmioty stowarzyszone, wsp\u00f3\u0142autorzy i agenci, z tytu\u0142u wszelkich roszcze\u0144, odpowiedzialno\u015bci, strat, szk\u00f3d, koszt\u00f3w lub wydatk\u00f3w (w tym uzasadnionych honorari\u00f3w adwokackich) wynikaj\u0105cych z lub zwi\u0105zanych z: (a) naruszeniem przez Ciebie niniejszych Warunk\u00f3w; (b) naruszeniem przez Ciebie obowi\u0105zuj\u0105cego prawa lub przepis\u00f3w lub praw os\u00f3b trzecich; lub (c) korzystaniem przez Ciebie z Witryny i wszelkich informacji lub tre\u015bci zawartych w Witrynie. Niniejsze zobowi\u0105zanie odszkodowawcze pozostaje w mocy po zako\u0144czeniu korzystania przez Ciebie z Witryny i\/lub zako\u0144czeniu korzystania z niniejszych Warunk\u00f3w.<\/p>\n\n\n\n<h2 class=\"wp-block-heading\"><strong>Linki zewn\u0119trzne<\/strong><\/h2>\n\n\n\n<p>Dla wygody i informacji Witryna mo\u017ce zawiera\u0107 odno\u015bniki do zewn\u0119trznych stron internetowych lub tre\u015bci stron trzecich. <strong>Nale\u017cy pami\u0119ta\u0107, \u017ce Quivrax.com nie ma kontroli nad tre\u015bci\u0105, produktami, us\u0142ugami ani praktykami stron internetowych os\u00f3b trzecich i nie ponosi za nie odpowiedzialno\u015bci.<\/strong> Zamieszczenie jakiegokolwiek linku zewn\u0119trznego na naszej Stronie nie oznacza poparcia ani akceptacji przez Quivrax.com danej strony internetowej ani \u017cadnego powi\u0105zania z jej operatorami. Korzystanie z linku do strony internetowej osoby trzeciej odbywa si\u0119 na w\u0142asne ryzyko. Zdecydowanie zalecamy zapoznanie si\u0119 z regulaminem i polityk\u0105 prywatno\u015bci ka\u017cdej odwiedzanej strony internetowej osoby trzeciej, poniewa\u017c ich warunki reguluj\u0105 interakcje z tymi stronami i mog\u0105 r\u00f3\u017cni\u0107 si\u0119 od naszych. Quivrax.com nie ponosi odpowiedzialno\u015bci za jakiekolwiek straty lub szkody wynikaj\u0105ce z korzystania z zewn\u0119trznych stron internetowych.<\/p>\n\n\n\n<h2 class=\"wp-block-heading\"><strong>Zako\u0144czenie u\u017cytkowania<\/strong><\/h2>\n\n\n\n<p>Zastrzegamy sobie prawo, wed\u0142ug naszego wy\u0142\u0105cznego uznania, do zawieszenia lub zablokowania dost\u0119pu do Serwisu (lub dowolnej jego cz\u0119\u015bci) w dowolnym momencie i z dowolnego powodu, w tym, mi\u0119dzy innymi, je\u015bli uznamy, \u017ce naruszy\u0142e\u015b niniejsze Warunki lub dopu\u015bci\u0142e\u015b si\u0119 jakiegokolwiek zachowania, kt\u00f3re uznamy za niew\u0142a\u015bciwe lub szkodliwe. Takie zawieszenie lub zablokowanie mo\u017ce nast\u0105pi\u0107 bez uprzedniego powiadomienia, a my mo\u017cemy natychmiast dezaktywowa\u0107 lub usun\u0105\u0107 wszelkie konta lub powi\u0105zane informacje (je\u015bli takie istniej\u0105) posiadane przez Ciebie w Serwisie. Zastrzegamy sobie r\u00f3wnie\u017c prawo do usuwania lub modyfikowania dowolnych tre\u015bci w Serwisie lub do ca\u0142kowitego zamkni\u0119cia Serwisu w dowolnym momencie. Nie ponosimy odpowiedzialno\u015bci wobec Ciebie ani \u017cadnej osoby trzeciej za jakiekolwiek zablokowanie Twojego dost\u0119pu do Serwisu lub za usuni\u0119cie jakichkolwiek tre\u015bci z Serwisu. Je\u015bli Tw\u00f3j dost\u0119p zostanie zablokowany z powodu naruszenia niniejszych Warunk\u00f3w, pozostajesz odpowiedzialny za wszelkie zobowi\u0105zania zaci\u0105gni\u0119te przed zablokowaniem i musisz natychmiast zaprzesta\u0107 wszelkiego korzystania z Serwisu.<\/p>\n\n\n\n<h2 class=\"wp-block-heading\"><strong>Prawo w\u0142a\u015bciwe i jurysdykcja<\/strong><\/h2>\n\n\n\n<p>Niniejsze Warunki i korzystanie z serwisu Quivrax.com podlegaj\u0105 przepisom prawa i s\u0105 zgodnie z nimi interpretowane. <strong>Stan Kalifornia, Stany Zjednoczone<\/strong>, bez wzgl\u0119du na zasady kolizji praw. Korzystaj\u0105c z Witryny, wyra\u017anie zgadzasz si\u0119, \u017ce wszelkie spory lub roszczenia wynikaj\u0105ce z niniejszych Warunk\u00f3w lub z nimi zwi\u0105zane, b\u0105d\u017a korzystaniem z Witryny, b\u0119d\u0105 rozstrzygane wy\u0142\u0105cznie przez s\u0105dy stanowe lub federalne w stanie Kalifornia w USA. Wyra\u017casz zgod\u0119 na jurysdykcj\u0119 osobow\u0105 i w\u0142a\u015bciwo\u015b\u0107 miejscow\u0105 tych s\u0105d\u00f3w i zrzekasz si\u0119 wszelkich sprzeciw\u00f3w wobec takiej jurysdykcji lub w\u0142a\u015bciwo\u015bci miejscowej (w tym sprzeciw\u00f3w opartych na niedogodno\u015bciach). Nie gwarantujemy, \u017ce tre\u015bci w Witrynie s\u0105 odpowiednie lub dost\u0119pne do u\u017cytku we wszystkich lokalizacjach geograficznych. Je\u015bli zdecydujesz si\u0119 uzyska\u0107 dost\u0119p do Witryny spoza Kalifornii lub Stan\u00f3w Zjednoczonych, robisz to z w\u0142asnej inicjatywy i ponosisz odpowiedzialno\u015b\u0107 za przestrzeganie wszelkich obowi\u0105zuj\u0105cych przepis\u00f3w lokalnych. Dost\u0119p do Witryny z terytori\u00f3w, na kt\u00f3rych tre\u015bci s\u0105 nielegalne, jest wyra\u017anie zabroniony.<\/p>\n\n\n\n<h2 class=\"wp-block-heading\"><strong>Zmiany w Warunkach i Postanowieniach<\/strong><\/h2>\n\n\n\n<p>Zastrzegamy sobie prawo do aktualizacji, rewizji lub innej modyfikacji niniejszego Regulaminu w dowolnym momencie. W przypadku wprowadzenia zmian, opublikujemy zaktualizowane warunki na tej stronie i zaktualizujemy dat\u0119 \u201eOstatniej aktualizacji\u201d u g\u00f3ry. <strong>Obowi\u0105zkiem u\u017cytkownika jest okresowe przegl\u0105danie niniejszych Warunk\u00f3w<\/strong> W przypadku jakichkolwiek aktualizacji lub zmian. Dalsze korzystanie ze Strony po wprowadzeniu jakichkolwiek zmian w Warunkach oznacza akceptacj\u0119 zmienionych Warunk\u00f3w. Je\u015bli nie zgadzasz si\u0119 z jakimikolwiek zmianami lub aktualizacjami Warunk\u00f3w, powiniene\u015b natychmiast zaprzesta\u0107 korzystania ze Strony.<\/p>\n\n\n\n<h2 class=\"wp-block-heading\"><strong>R\u00f3\u017cnorodny<\/strong><\/h2>\n\n\n\n<ul>\n<li><strong>Podzielno\u015b\u0107:<\/strong> Je\u017celi kt\u00f3rekolwiek z postanowie\u0144 niniejszych Warunk\u00f3w zostanie uznane przez s\u0105d w\u0142a\u015bciwej jurysdykcji za niezgodne z prawem, niewa\u017cne lub niewykonalne, postanowienie to zostanie uznane za niewa\u017cne w stosunku do niniejszych Warunk\u00f3w i nie wp\u0142ynie na wa\u017cno\u015b\u0107 ani wykonalno\u015b\u0107 pozosta\u0142ych postanowie\u0144. Pozosta\u0142e postanowienia pozostaj\u0105 w pe\u0142nej mocy.<\/li>\n\n\n\n<li><strong>Brak zrzeczenia si\u0119:<\/strong> Niewykonanie przez nas kt\u00f3regokolwiek z praw lub postanowie\u0144 niniejszych Warunk\u00f3w nie stanowi zrzeczenia si\u0119 tego prawa lub postanowienia w przysz\u0142o\u015bci. Ka\u017cde zrzeczenie si\u0119 kt\u00f3regokolwiek z postanowie\u0144 niniejszych Warunk\u00f3w b\u0119dzie skuteczne wy\u0142\u0105cznie w formie pisemnej i podpisane przez upowa\u017cnionego przedstawiciela w\u0142a\u015bciciela Witryny.<\/li>\n\n\n\n<li><strong>Ca\u0142o\u015b\u0107 umowy:<\/strong> Niniejsze Warunki (wraz z wszelkimi innymi informacjami prawnymi lub zasadami obowi\u0105zuj\u0105cymi w Serwisie, takimi jak nasza Polityka Prywatno\u015bci) stanowi\u0105 ca\u0142o\u015b\u0107 umowy mi\u0119dzy U\u017cytkownikiem a w\u0142a\u015bcicielem Serwisu w zakresie korzystania z serwisu Quivrax.com. Zast\u0119puj\u0105 one wszelkie wcze\u015bniejsze lub wsp\u00f3\u0142czesne porozumienia, umowy lub korespondencj\u0119 mi\u0119dzy U\u017cytkownikiem a nami w zakresie korzystania z Serwisu.<\/li>\n<\/ul>\n\n\n\n<h2 class=\"wp-block-heading\"><strong>Informacje kontaktowe<\/strong><\/h2>\n\n\n\n<p>Je\u015bli masz jakiekolwiek pytania, w\u0105tpliwo\u015bci lub uwagi dotycz\u0105ce niniejszego Regulaminu lub chcesz si\u0119 z nami skontaktowa\u0107 z jakiegokolwiek powodu, skontaktuj si\u0119 z nami pod adresem <strong>contact@quivrax.com<\/strong>Mo\u017cesz r\u00f3wnie\u017c skontaktowa\u0107 si\u0119 z nami za po\u015brednictwem dowolnego formularza kontaktowego lub korzystaj\u0105c z danych kontaktowych dost\u0119pnych na Stronie. Do\u0142o\u017cymy wszelkich stara\u0144, aby odpowiedzie\u0107 na Twoje zapytania w odpowiednim czasie.<\/p>","protected":false},"excerpt":{"rendered":"<p>Last Updated: November 14, 2025 Introduction and Acceptance of Terms Quivrax.com (the \u201cSite\u201d) is a global informational blog provided for general knowledge and educational purposes, and it does not offer or sell any products or services. These Terms and Conditions (\u201cTerms\u201d) govern your access to and use of the Site. By accessing or using Quivrax.com, [&hellip;]<\/p>","protected":false},"author":9,"featured_media":0,"parent":0,"menu_order":0,"comment_status":"closed","ping_status":"closed","template":"","meta":{"footnotes":""},"yoast_head":"<!-- This site is optimized with the Yoast SEO plugin v23.3 - https:\/\/yoast.com\/wordpress\/plugins\/seo\/ -->\n<title>Terms and Conditions - quivrax.com<\/title>\n<meta name=\"robots\" content=\"index, follow, max-snippet:-1, max-image-preview:large, max-video-preview:-1\" \/>\n<link rel=\"canonical\" href=\"https:\/\/quivrax.com\/pl\/terms\/\" \/>\n<meta property=\"og:locale\" content=\"pl_PL\" \/>\n<meta property=\"og:type\" content=\"article\" \/>\n<meta property=\"og:title\" content=\"Terms and Conditions - quivrax.com\" \/>\n<meta property=\"og:description\" content=\"Last Updated: November 14, 2025 Introduction and Acceptance of Terms Quivrax.com (the \u201cSite\u201d) is a global informational blog provided for general knowledge and educational purposes, and it does not offer or sell any products or services. These Terms and Conditions (\u201cTerms\u201d) govern your access to and use of the Site. By accessing or using Quivrax.com, [&hellip;]\" \/>\n<meta property=\"og:url\" content=\"https:\/\/quivrax.com\/pl\/terms\/\" \/>\n<meta property=\"og:site_name\" content=\"quivrax.com\" \/>\n<meta property=\"article:modified_time\" content=\"2025-11-14T19:27:10+00:00\" \/>\n<meta name=\"twitter:card\" content=\"summary_large_image\" \/>\n<meta name=\"twitter:label1\" content=\"Est. reading time\" \/>\n\t<meta name=\"twitter:data1\" content=\"10 minut\" \/>\n<script type=\"application\/ld+json\" class=\"yoast-schema-graph\">{\"@context\":\"https:\/\/schema.org\",\"@graph\":[{\"@type\":\"WebPage\",\"@id\":\"https:\/\/quivrax.com\/terms\/\",\"url\":\"https:\/\/quivrax.com\/terms\/\",\"name\":\"Terms and Conditions - quivrax.com\",\"isPartOf\":{\"@id\":\"https:\/\/quivrax.com\/#website\"},\"datePublished\":\"2025-11-14T17:24:31+00:00\",\"dateModified\":\"2025-11-14T19:27:10+00:00\",\"breadcrumb\":{\"@id\":\"https:\/\/quivrax.com\/terms\/#breadcrumb\"},\"inLanguage\":\"pl-PL\",\"potentialAction\":[{\"@type\":\"ReadAction\",\"target\":[\"https:\/\/quivrax.com\/terms\/\"]}]},{\"@type\":\"BreadcrumbList\",\"@id\":\"https:\/\/quivrax.com\/terms\/#breadcrumb\",\"itemListElement\":[{\"@type\":\"ListItem\",\"position\":1,\"name\":\"Home\",\"item\":\"https:\/\/quivrax.com\/\"},{\"@type\":\"ListItem\",\"position\":2,\"name\":\"Terms and Conditions\"}]},{\"@type\":\"WebSite\",\"@id\":\"https:\/\/quivrax.com\/#website\",\"url\":\"https:\/\/quivrax.com\/\",\"name\":\"quivrax.com\",\"description\":\"\",\"publisher\":{\"@id\":\"https:\/\/quivrax.com\/#organization\"},\"potentialAction\":[{\"@type\":\"SearchAction\",\"target\":{\"@type\":\"EntryPoint\",\"urlTemplate\":\"https:\/\/quivrax.com\/?s={search_term_string}\"},\"query-input\":\"required name=search_term_string\"}],\"inLanguage\":\"pl-PL\"},{\"@type\":\"Organization\",\"@id\":\"https:\/\/quivrax.com\/#organization\",\"name\":\"quivrax.com\",\"url\":\"https:\/\/quivrax.com\/\",\"logo\":{\"@type\":\"ImageObject\",\"inLanguage\":\"pl-PL\",\"@id\":\"https:\/\/quivrax.com\/#\/schema\/logo\/image\/\",\"url\":\"https:\/\/quivrax.com\/wp-content\/uploads\/sites\/661\/2025\/11\/Quivrax-Logo.png\",\"contentUrl\":\"https:\/\/quivrax.com\/wp-content\/uploads\/sites\/661\/2025\/11\/Quivrax-Logo.png\",\"width\":500,\"height\":500,\"caption\":\"quivrax.com\"},\"image\":{\"@id\":\"https:\/\/quivrax.com\/#\/schema\/logo\/image\/\"}}]}<\/script>\n<!-- \/ Yoast SEO plugin. -->","yoast_head_json":{"title":"Terms and Conditions - quivrax.com","robots":{"index":"index","follow":"follow","max-snippet":"max-snippet:-1","max-image-preview":"max-image-preview:large","max-video-preview":"max-video-preview:-1"},"canonical":"https:\/\/quivrax.com\/pl\/terms\/","og_locale":"pl_PL","og_type":"article","og_title":"Terms and Conditions - quivrax.com","og_description":"Last Updated: November 14, 2025 Introduction and Acceptance of Terms Quivrax.com (the \u201cSite\u201d) is a global informational blog provided for general knowledge and educational purposes, and it does not offer or sell any products or services. These Terms and Conditions (\u201cTerms\u201d) govern your access to and use of the Site. By accessing or using Quivrax.com, [&hellip;]","og_url":"https:\/\/quivrax.com\/pl\/terms\/","og_site_name":"quivrax.com","article_modified_time":"2025-11-14T19:27:10+00:00","twitter_card":"summary_large_image","twitter_misc":{"Est. reading time":"10 minut"},"schema":{"@context":"https:\/\/schema.org","@graph":[{"@type":"WebPage","@id":"https:\/\/quivrax.com\/terms\/","url":"https:\/\/quivrax.com\/terms\/","name":"Terms and Conditions - quivrax.com","isPartOf":{"@id":"https:\/\/quivrax.com\/#website"},"datePublished":"2025-11-14T17:24:31+00:00","dateModified":"2025-11-14T19:27:10+00:00","breadcrumb":{"@id":"https:\/\/quivrax.com\/terms\/#breadcrumb"},"inLanguage":"pl-PL","potentialAction":[{"@type":"ReadAction","target":["https:\/\/quivrax.com\/terms\/"]}]},{"@type":"BreadcrumbList","@id":"https:\/\/quivrax.com\/terms\/#breadcrumb","itemListElement":[{"@type":"ListItem","position":1,"name":"Home","item":"https:\/\/quivrax.com\/"},{"@type":"ListItem","position":2,"name":"Terms and Conditions"}]},{"@type":"WebSite","@id":"https:\/\/quivrax.com\/#website","url":"https:\/\/quivrax.com\/","name":"quivrax.com","description":"","publisher":{"@id":"https:\/\/quivrax.com\/#organization"},"potentialAction":[{"@type":"SearchAction","target":{"@type":"EntryPoint","urlTemplate":"https:\/\/quivrax.com\/?s={search_term_string}"},"query-input":"required name=search_term_string"}],"inLanguage":"pl-PL"},{"@type":"Organization","@id":"https:\/\/quivrax.com\/#organization","name":"quivrax.com","url":"https:\/\/quivrax.com\/","logo":{"@type":"ImageObject","inLanguage":"pl-PL","@id":"https:\/\/quivrax.com\/#\/schema\/logo\/image\/","url":"https:\/\/quivrax.com\/wp-content\/uploads\/sites\/661\/2025\/11\/Quivrax-Logo.png","contentUrl":"https:\/\/quivrax.com\/wp-content\/uploads\/sites\/661\/2025\/11\/Quivrax-Logo.png","width":500,"height":500,"caption":"quivrax.com"},"image":{"@id":"https:\/\/quivrax.com\/#\/schema\/logo\/image\/"}}]}},"_links":{"self":[{"href":"https:\/\/quivrax.com\/pl\/wp-json\/wp\/v2\/pages\/59"}],"collection":[{"href":"https:\/\/quivrax.com\/pl\/wp-json\/wp\/v2\/pages"}],"about":[{"href":"https:\/\/quivrax.com\/pl\/wp-json\/wp\/v2\/types\/page"}],"author":[{"embeddable":true,"href":"https:\/\/quivrax.com\/pl\/wp-json\/wp\/v2\/users\/9"}],"replies":[{"embeddable":true,"href":"https:\/\/quivrax.com\/pl\/wp-json\/wp\/v2\/comments?post=59"}],"version-history":[{"count":2,"href":"https:\/\/quivrax.com\/pl\/wp-json\/wp\/v2\/pages\/59\/revisions"}],"predecessor-version":[{"id":143,"href":"https:\/\/quivrax.com\/pl\/wp-json\/wp\/v2\/pages\/59\/revisions\/143"}],"wp:attachment":[{"href":"https:\/\/quivrax.com\/pl\/wp-json\/wp\/v2\/media?parent=59"}],"curies":[{"name":"wp","href":"https:\/\/api.w.org\/{rel}","templated":true}]}}